{"id":691,"date":"2020-03-13T08:48:55","date_gmt":"2020-03-13T11:48:55","guid":{"rendered":"https:\/\/www.funbea.org.br\/forum-ppa\/?page_id=691"},"modified":"2020-03-13T12:29:43","modified_gmt":"2020-03-13T15:29:43","slug":"programacao-completa","status":"publish","type":"page","link":"https:\/\/www.funbea.org.br\/forum-ppa\/index.php\/programacao-completa\/","title":{"rendered":"Programa\u00e7\u00e3o completa"},"content":{"rendered":"<p>[et_pb_section fb_built=&#8221;1&#8243; _builder_version=&#8221;4.1&#8243; background_color=&#8221;rgba(0,0,0,0)&#8221;][et_pb_row _builder_version=&#8221;4.1&#8243;][et_pb_column type=&#8221;4_4&#8243; _builder_version=&#8221;4.1&#8243;][et_pb_text _builder_version=&#8221;4.1&#8243; hover_enabled=&#8221;0&#8243;]<\/p>\n<h1>Programa\u00e7\u00e3o<\/h1>\n<p>[\/et_pb_text][et_pb_tabs active_tab_background_color=&#8221;#e09900&#8243; inactive_tab_background_color=&#8221;#e0c07b&#8221; active_tab_text_color=&#8221;#edf000&#8243; _builder_version=&#8221;4.1&#8243; tab_text_color=&#8221;#efef99&#8243; background_color=&#8221;rgba(255,255,255,0.23)&#8221; custom_css_tabs_controls=&#8221;background: rgba(255,255,255,0);||&#8221; border_width_all=&#8221;0px&#8221;][et_pb_tab title=&#8221;19 de mar\u00e7o&#8221; _builder_version=&#8221;4.1&#8243;]<\/p>\n<h1 class=\"prog-h1\">PROGRAMA\u00c7\u00c3O 19 de mar\u00e7o<\/h1>\n<h2 class=\"prog-h2\">9h<\/h2>\n<h3 class=\"prog-h3\">Credenciamento e informa\u00e7\u00f5es sobre o evento<\/h3>\n<h2 class=\"prog-h2\">9h30 \u00e0s 12h30<\/h2>\n<h3 class=\"prog-h3\">Caf\u00e9 Compartilha<\/h3>\n<h4 class=\"prog-h4\">Temas das mesas<\/h4>\n<h5 class=\"prog-h5\">1. \u00c1gua doce &#8211; prote\u00e7\u00e3o das nascentes e restaura\u00e7\u00e3o florestal<\/h5>\n<p>Eduardo Gusson &#8211; NACE PTECA &#8211; N\u00facleo de Apoio \u00e0 Cultura e<br \/>Extens\u00e3o em Educa\u00e7\u00e3o Ambiental da USP<br \/>Facilitadora: Mariane Lima<\/p>\n<h5 class=\"prog-h5\">2. Educa\u00e7\u00e3o Ambiental e Comunica\u00e7\u00e3o<\/h5>\n<p>REABS: Rede de Educa\u00e7\u00e3o Ambiental da Baixada Santista<br \/>Facilitadora: Vivian Battaini<\/p>\n<h5 class=\"prog-h5\">3. Polui\u00e7\u00e3o Difusa, lixo nos oceanos e res\u00edduos s\u00f3lidos<\/h5>\n<p>Marcos Lib\u00f3rio &#8211; Secret\u00e1rio de Meio Ambiente de Santos<br \/>Sylis Paes &#8211; Presidente da Ong ECOPHALT<\/p>\n<h2 class=\"prog-h2\">9h30 \u00e0s 12h30<\/h2>\n<h3 class=\"prog-h3\">Financiamento de projetos Fehidro\/ MROSC Marco Regulat\u00f3rio das Organiza\u00e7\u00f5es da Sociedade Civil<\/h3>\n<p>Coordenadoria de Recursos H\u00eddricos<br \/>Renato Santos de Azevedo &#8211; Advogado, especialista em MROSC<br \/>Sem\u00edramis Biasoli &#8211; Cecret\u00e1ria Geral do FunBEA<\/p>\n<h1 class=\"prog-h1\">Programa\u00e7\u00e3o Paralela<\/h1>\n<h3 class=\"prog-h3\">Exposi\u00e7\u00e3o Vida sobre Vigas<\/h3>\n<p>\u201cVida Sobre Vigas\u201d traz fotos de Didi Duarte, morador do Bairro Jardim S\u00e3o Manoel, em Santos. Didi, cresceu neste conglomerado, onde o mangue deu lugar a comunidades que vivem em casas sustentadas por vigas de madeiras. Sem saneamento b\u00e1sico, sem \u00e1gua pot\u00e1vel dispon\u00edvel para a grande maioria das fam\u00edlias, o lugar reflete um dos maiores problemas socioambientais do Brasil: a desigualdade e a injusti\u00e7a social.<\/p>\n<h2 class=\"prog-h2\">14h \u00e0s 14h30 e 16 \u00e0s 16h30<\/h2>\n<h3 class=\"prog-h3\">Sess\u00e3o de Cinema Infantil (Abuela Grillo +Amigo Rio)<\/h3>\n<h4 class=\"prog-h4\">Abuela Grillo<\/h4>\n<p>Baseada em uma lenda milenar do povo boliviano Ayoreo, a anima\u00e7\u00e3o, de forma l\u00fadica e sutil, mostra o tamanho valor que a \u00e1gua tem em nossas vidas, assim como a luta dos povos origin\u00e1rios contra a mercantiliza\u00e7\u00e3o da natureza.<br \/>Dire\u00e7\u00e3o: Denis Chapon<\/p>\n<h4 class=\"prog-h4\">Amigo Rio<\/h4>\n<p>Amigos se encontram na beira de um rio para pescar, mas eles tem uma grande surpresa com a pescaria.<br \/>Dire\u00e7\u00e3o: Ed Davies<\/p>\n<h2 class=\"prog-h2\">15h \u00e0s 16h<\/h2>\n<h3 class=\"prog-h3\">Show OssoBanda<\/h3>\n<p>A OssoBanda surgiu como um grupo que queria contar hist\u00f3rias, mas que criou tantas can\u00e7\u00f5es para suas hist\u00f3rias que decidiu se transformar em uma banda!As m\u00fasicas viraram um CD que acabou levando a OssoBanda a muitos lugares. At\u00e9 em Festival de Rock a OssoBanda chegou! E foi por causa dessa caracter\u00edstica \u201crock and roll\u201d do seu som, que surgiu o nome OssoBanda. Uma banda que faz \u2018balan\u00e7ar o esqueleto\u2019!<\/p>\n<h2 class=\"prog-h2\">14h30 \u00e0s 15h30<\/h2>\n<h3 class=\"prog-h3\">Mesa de Abertura: Governan\u00e7a da \u00c1gua<\/h3>\n<p>Marcos Sorrentino &#8211; um dos principais pesquisadores do Brasil na \u00e1rea de Educa\u00e7\u00e3o Ambiental, \u00e9 professor livre docente e coordenador do laborat\u00f3rio Oca de Educa\u00e7\u00e3o e Pol\u00edtica Ambiental da Esalq\/Usp, foi Diretor de Educa\u00e7\u00e3o Ambiental do Minist\u00e9rio do Meio Ambiente e assessor do Ministro da Educa\u00e7\u00e3o para a constru\u00e7\u00e3o da pol\u00edtica ambiental do MEC, \u00e9 conselheiro do FunBEA.<br \/>Ricardo Oi &#8211; engenheiro do DAEE &#8211; Departamento de \u00c1guas e Energia El\u00e9trica e Secret\u00e1rio adjunto do Comit\u00ea da Bacia Hidrogr\u00e1fica da Baixada Santista<br \/>Media\u00e7\u00e3o: Sem\u00edramis Biasoli &#8211; coordenadora do FunBEA &#8211; Fundo Brasileiro de Educa\u00e7\u00e3o Ambiental<\/p>\n<h2 class=\"prog-h2\">15h30 \u00e0s 18h<\/h2>\n<h3 class=\"prog-h3\">Mesa: intrus\u00e3o salina e mudan\u00e7as clim\u00e1ticas: interface entre rio e mar<\/h3>\n<p>Oleg Bokhonok Pesquisador do Laborat\u00f3rio de Geof\u00edsica Aplicada \u00e0 Explora\u00e7\u00e3o de Petr\u00f3leo, do Instituto de Pesquisas Cient\u00edficas e Tecnol\u00f3gicas (IPECI) da UNISANTOS, desenvolve projeto sobre a disponibilidade h\u00eddrica na Baixada Santista.<br \/>Jos\u00e9 Carlos de Melo Bernardino &#8211; Professor do Departamento de Engenharia Hidr\u00e1ulica e Ambiental da Escola Polit\u00e9cnica da Universidade de S\u00e3o Paulo e Coordenador da \u00c1rea de Modela\u00e7\u00e3o Hidr\u00e1ulica da Funda\u00e7\u00e3o Centro Tecnol\u00f3gico de Hidr\u00e1ulica. Realiza pesquisas nos temas de Recupera\u00e7\u00e3o e Prote\u00e7\u00e3o de Cursos d&#8217;\u00c1gua, Estudos Hidrol\u00f3gicos.<br \/>Pilar Carolina Villar &#8211; Professora de Direito Ambiental, Gerenciamento de Recursos H\u00eddricos e Per\u00edcia e Auditoria Ambiental na UNIFESP. Advogada, mestre e doutora em Ci\u00eancia Ambiental e p\u00f3s-Doutoranda do Instituto de Geoci\u00eancias (USP). Consultora da Organiza\u00e7\u00e3o dos Estados Americanos, tutora da Funda\u00e7\u00e3o Parque Tecnol\u00f3gico Itaipu, professora substituta na UFSCar e EACH\/USP e colaboradora da Ag\u00eancia Nacional de \u00c1guas.<\/p>\n<p>[\/et_pb_tab][et_pb_tab title=&#8221;20 de Mar\u00e7o&#8221; _builder_version=&#8221;4.1&#8243;]<\/p>\n<h1 class=\"prog-h1\">PROGRAMA\u00c7\u00c3O 20 de mar\u00e7o<\/h1>\n<h2 class=\"prog-h2\">9h<\/h2>\n<h3 class=\"prog-h3\">Credenciamento e informa\u00e7\u00f5es sobre o evento<\/h3>\n<h2 class=\"prog-h2\">9h \u00e0s 12h30<\/h2>\n<h3 class=\"prog-h3\">Mesa: Saneamento J\u00e1!<\/h3>\n<p>Apresenta\u00e7\u00e3o do mini document\u00e1rio &#8220;Os invasores?&#8221; da Zumbi Filmes<\/p>\n<p>Um retrato sobre o cotidiano em uma das comunidades do maior conglomerado urbano de palafitas da Am\u00e9rica Latina.<br \/>Dire\u00e7\u00e3o: Ed Davies<br \/>Argumento e Produ\u00e7\u00e3o: Grace Luzzi<\/p>\n<p>Dra. Flavia Maria Gon\u00e7alves e Dra. Almachia Zwarg Acerbi &#8211; Promotoras de Justi\u00e7a do Minist\u00e9rio P\u00fablico do Estado de S\u00e3o Paulo &#8211; GAEMA-BS<br \/>Didi Duarte &#8211; Presidente da Sociedade Melhoramentos Jd. S\u00e3o Manoel<br \/>Alberto Pereira Mour\u00e3o &#8211; Prefeito de Praia Grande e Presidente do Comit\u00ea da Bacia Hidrogr\u00e1fica da Baixada Santista<br \/>Eduardo da Silva Santos &#8211; Engenheiro da Sabesp<br \/>Media\u00e7\u00e3o: Fabio Delmanto &#8211; Advogado, formado em media\u00e7\u00e3o e concilia\u00e7\u00e3o de conflitos pelo tjsp<\/p>\n<h2 class=\"prog-h2\">14h \u00e0s 16h<\/h2>\n<h3 class=\"prog-h3\">Din\u00e2mica Vozes do Pacto<\/h3>\n<p>Espa\u00e7o aberto com blocos tem\u00e1ticos<\/p>\n<h2 class=\"prog-h2\">14h \u00e0s 17h<\/h2>\n<h3 class=\"prog-h3\">Constru\u00e7\u00e3o do<br \/>Pacto pelas \u00c1guas<br \/>da Baixada Santista<\/h3>\n<p>&nbsp;<\/p>\n<h2 class=\"prog-h2\">15h \u00e0s 17h<\/h2>\n<p>Sess\u00e3o de Cinema Adulto (DETOX SP, Elemento Rio e \u00c1gua, elemento que nos une)<\/p>\n<h4 class=\"prog-h4\">DETOX SP 60 minutos<\/h4>\n<p>Um filme sobre um novo olhar a respeito da nossa rela\u00e7\u00e3o com as \u00e1guas. O que as \u00e1guas e os rios dizem sobre n\u00f3s? DETOX SP sugere uma mudan\u00e7a em n\u00f3s e consequentemente em nossos rios e nossas cidades.<br \/>Dire\u00e7\u00e3o: Felipe Kurc, Rodolfo Amaral<\/p>\n<h3 class=\"prog-h3\">Curtas produzidos pelos alunos do Programa de Comunica\u00e7\u00e3o do CBH- BS<\/h3>\n<h4 class=\"prog-h4\">Elemento Rio 3:52 min<\/h4>\n<p>Sinopse: Um passeio reflexivo pelos caminhos do rio at\u00e9 o mar.<br \/>Dire\u00e7\u00e3o: Lucas Harder<\/p>\n<h4 class=\"prog-h4\">\u00c1gua, elemento que nos une 6:45 min<\/h4>\n<p>Sinopse: A experi\u00eancia de um jovem que nasceu e vive na comunidade tradicional cai\u00e7ara da Barra do Una (Peru\u00edbe) sobre a preserva\u00e7\u00e3o das nascentes e cuidado com as \u00e1guas.<br \/>Dire\u00e7\u00e3o coletiva dos alunos do Programa de Comunica\u00e7\u00e3o do CBH BS<\/p>\n<h2 class=\"prog-h2\">18h \u00e0s 19h<\/h2>\n<h4 class=\"prog-h4\">Teatro: De gota em gota \u00e9 o Fim<\/h4>\n<p>Produzida pelo Coletivo Mosaico de Teatro e dire\u00e7\u00e3o de Alvaro Fernandes, a pe\u00e7a traz no roteiro, uma sociedade que convive com a crise h\u00eddrica de diferentes formas. No decorrer do enredo os personagens v\u00e3o fazendo suas escolhas e estas comprometem todo o Planeta, chamado \u201cCapela\u201d. Ao mesmo tempo deixamos alguns recados, enquanto os personagens jogam reflex\u00f5es para o p\u00fablico.<\/p>\n<p>[\/et_pb_tab][et_pb_tab title=&#8221;STANDS&#8221; _builder_version=&#8221;4.1&#8243;]<\/p>\n<h1 class=\"prog-h1\">STANDS<\/h1>\n<h2 class=\"prog-h2\">Gremar<\/h2>\n<p>Atuam no monitoramento ambiental, resgate e reabilita\u00e7\u00e3o de animais marinhos, al\u00e9m de realizar a\u00e7\u00f5es de educa\u00e7\u00e3o ambiental visando promover a conserva\u00e7\u00e3o marinha e costeira e a sustentabilidade das futuras gera\u00e7\u00f5es.<\/p>\n<h2 class=\"prog-h2\">Ecomov<\/h2>\n<p>Transmite os valores da rela\u00e7\u00e3o entre o indiv\u00edduo e seu ambiente, sua intera\u00e7\u00e3o, responsabilidade e lazer did\u00e1tico e educativo. Tem como miss\u00e3o aproximar as pessoas, empresas, escolas, poder p\u00fablico pela promo\u00e7\u00e3o em defesa do meio ambiente e educa\u00e7\u00e3o ambiental estimulando voluntariado como ferramenta de produ\u00e7\u00e3o e realiza\u00e7\u00e3o dos nossos projetos.<\/p>\n<h2 class=\"prog-h2\">Movimento popular Salve o rio Itapanha\u00fa<\/h2>\n<p>Movimento popular de luta contra a transposi\u00e7\u00e3o do Rio Itapanha\u00fa<\/p>\n<h2 class=\"prog-h2\">Projeto Albatroz<\/h2>\n<p>Albatrozes s\u00e3o aves marinhas migrat\u00f3rias e passam a maior parte de sua vida em alto mar, onde interagem com a pesca de espinhel. O alvo desta t\u00e9cnica de pesca industrial s\u00e3o peixes grandes como o atum. Sem inten\u00e7\u00e3o, a pescaria pode fisgar tamb\u00e9m albatrozes e petr\u00e9is. Reduzir esta captura incidental \u00e9 a maior miss\u00e3o do Projeto Albatroz.<\/p>\n<h2 class=\"prog-h2\">Greenpeace Bertioga<\/h2>\n<p>Tem como miss\u00e3o garantir a capacidade da Terra de nutrir a vida em toda a sua diversidade. Isso significa que pretendem: proteger a biodiversidade em todas as suas formas; prevenir a polui\u00e7\u00e3o do ar, das \u00e1guas e da terra; acabar com a amea\u00e7a nuclear e enfrentar as mudan\u00e7as clim\u00e1ticas; promover a paz, o desarmamento global e a n\u00e3o-viol\u00eancia.<\/p>\n<p>[\/et_pb_tab][\/et_pb_tabs][\/et_pb_column][\/et_pb_row][\/et_pb_section]<\/p>\n","protected":false},"excerpt":{"rendered":"<p>Programa\u00e7\u00e3oPROGRAMA\u00c7\u00c3O 19 de mar\u00e7o 9h Credenciamento e informa\u00e7\u00f5es sobre o evento 9h30 \u00e0s 12h30 Caf\u00e9 Compartilha Temas das mesas 1. \u00c1gua doce &#8211; prote\u00e7\u00e3o das nascentes e restaura\u00e7\u00e3o florestal Eduardo Gusson &#8211; NACE PTECA &#8211; N\u00facleo de Apoio \u00e0 Cultura eExtens\u00e3o em Educa\u00e7\u00e3o Ambiental da USPFacilitadora: Mariane Lima 2. Educa\u00e7\u00e3o Ambiental e Comunica\u00e7\u00e3o REABS: Rede [&hellip;]<\/p>\n","protected":false},"author":1,"featured_media":0,"parent":0,"menu_order":0,"comment_status":"closed","ping_status":"closed","template":"","meta":{"_et_pb_use_builder":"on","_et_pb_old_content":"","_et_gb_content_width":"","footnotes":""},"class_list":["post-691","page","type-page","status-publish","hentry"],"_links":{"self":[{"href":"https:\/\/www.funbea.org.br\/forum-ppa\/index.php\/wp-json\/wp\/v2\/pages\/691","targetHints":{"allow":["GET"]}}],"collection":[{"href":"https:\/\/www.funbea.org.br\/forum-ppa\/index.php\/wp-json\/wp\/v2\/pages"}],"about":[{"href":"https:\/\/www.funbea.org.br\/forum-ppa\/index.php\/wp-json\/wp\/v2\/types\/page"}],"author":[{"embeddable":true,"href":"https:\/\/www.funbea.org.br\/forum-ppa\/index.php\/wp-json\/wp\/v2\/users\/1"}],"replies":[{"embeddable":true,"href":"https:\/\/www.funbea.org.br\/forum-ppa\/index.php\/wp-json\/wp\/v2\/comments?post=691"}],"version-history":[{"count":12,"href":"https:\/\/www.funbea.org.br\/forum-ppa\/index.php\/wp-json\/wp\/v2\/pages\/691\/revisions"}],"predecessor-version":[{"id":721,"href":"https:\/\/www.funbea.org.br\/forum-ppa\/index.php\/wp-json\/wp\/v2\/pages\/691\/revisions\/721"}],"wp:attachment":[{"href":"https:\/\/www.funbea.org.br\/forum-ppa\/index.php\/wp-json\/wp\/v2\/media?parent=691"}],"curies":[{"name":"wp","href":"https:\/\/api.w.org\/{rel}","templated":true}]}}